{"id":8,"date":"2018-03-08T19:09:15","date_gmt":"2018-03-08T19:09:15","guid":{"rendered":"https:\/\/trimedia.mx\/mochy\/blog\/?page_id=8"},"modified":"2018-03-28T19:33:42","modified_gmt":"2018-03-28T19:33:42","slug":"about","status":"publish","type":"page","link":"https:\/\/mochyasociados.com.mx\/blog\/about\/","title":{"rendered":"Nosotros"},"content":{"rendered":"<div class=\"cont-titulo\">\n<h4>Nuestra empresa es una familia&#8230;<\/h4>\n<\/div>\n<div class=\"contenido\">\n<p class=\"font1\">que trabaja cuidando a otras familias: su patrimonio, su estabilidad, su calidad de vida y su futuro, desde hace casi\u00a0<span class=\"cursiva-negrita\">30 a\u00f1os<\/span>\u00a0ya.<\/p>\n<p class=\"font2\">Y desde entonces lo que nos ha hecho diferentes, es que nos ponemos de tu lado. Vigilando tus intereses y bienestar, haci\u00e9ndonos presentespara ayudarte a resolver cualquier situaci\u00f3n, cuando t\u00fa y los tuyos m\u00e1s lo necesitan.<\/p>\n<\/div>\n","protected":false},"excerpt":{"rendered":"<p>Nuestra empresa es una familia&#8230; que trabaja cuidando a otras familias: su patrimonio, su estabilidad, su calidad de vida y su futuro, desde hace casi\u00a030 a\u00f1os\u00a0ya. Y desde entonces lo que nos ha hecho diferentes, es que nos ponemos de tu lado. Vigilando tus intereses y bienestar, haci\u00e9ndonos presentespara ayudarte a resolver cualquier situaci\u00f3n, cuando &hellip; <\/p>\n<p class=\"link-more\"><a href=\"https:\/\/mochyasociados.com.mx\/blog\/about\/\" class=\"more-link\">Continuar leyendo<span class=\"screen-reader-text\"> &#8220;Nosotros&#8221;<\/span><\/a><\/p>\n","protected":false},"author":1,"featured_media":47,"parent":0,"menu_order":0,"comment_status":"closed","ping_status":"closed","template":"","meta":[],"_links":{"self":[{"href":"https:\/\/mochyasociados.com.mx\/blog\/wp-json\/wp\/v2\/pages\/8"}],"collection":[{"href":"https:\/\/mochyasociados.com.mx\/blog\/wp-json\/wp\/v2\/pages"}],"about":[{"href":"https:\/\/mochyasociados.com.mx\/blog\/wp-json\/wp\/v2\/types\/page"}],"author":[{"embeddable":true,"href":"https:\/\/mochyasociados.com.mx\/blog\/wp-json\/wp\/v2\/users\/1"}],"replies":[{"embeddable":true,"href":"https:\/\/mochyasociados.com.mx\/blog\/wp-json\/wp\/v2\/comments?post=8"}],"version-history":[{"count":3,"href":"https:\/\/mochyasociados.com.mx\/blog\/wp-json\/wp\/v2\/pages\/8\/revisions"}],"predecessor-version":[{"id":51,"href":"https:\/\/mochyasociados.com.mx\/blog\/wp-json\/wp\/v2\/pages\/8\/revisions\/51"}],"wp:featuredmedia":[{"embeddable":true,"href":"https:\/\/mochyasociados.com.mx\/blog\/wp-json\/wp\/v2\/media\/47"}],"wp:attachment":[{"href":"https:\/\/mochyasociados.com.mx\/blog\/wp-json\/wp\/v2\/media?parent=8"}],"curies":[{"name":"wp","href":"https:\/\/api.w.org\/{rel}","templated":true}]}}